{"id":12290,"date":"2025-12-28T21:08:43","date_gmt":"2025-12-28T20:08:43","guid":{"rendered":"https:\/\/cialoksztalt.pl\/?page_id=12290"},"modified":"2026-01-03T00:05:03","modified_gmt":"2026-01-02T23:05:03","slug":"o-mnie","status":"publish","type":"page","link":"https:\/\/cialoksztalt.pl\/index.php\/o-mnie\/","title":{"rendered":"O Mnie"},"content":{"rendered":"\t\t<div data-elementor-type=\"wp-page\" data-elementor-id=\"12290\" class=\"elementor elementor-12290\" data-elementor-post-type=\"page\">\n\t\t\t\t<div class=\"elementor-element elementor-element-d3e0551 e-flex e-con-boxed e-con e-parent\" data-id=\"d3e0551\" data-element_type=\"container\" data-e-type=\"container\">\n\t\t\t\t\t<div class=\"e-con-inner\">\n\t\t\t\t<div class=\"elementor-element elementor-element-5b7b97d elementor-widget elementor-widget-heading\" data-id=\"5b7b97d\" data-element_type=\"widget\" data-e-type=\"widget\" data-widget_type=\"heading.default\">\n\t\t\t\t\t<h2 class=\"elementor-heading-title elementor-size-default\">Jestem Kasia<\/h2>\t\t\t\t<\/div>\n\t\t\t\t\t<\/div>\n\t\t\t\t<\/div>\n\t\t<div class=\"elementor-element elementor-element-034e290 e-con-full e-flex e-con e-parent\" data-id=\"034e290\" data-element_type=\"container\" data-e-type=\"container\">\n\t\t<div class=\"elementor-element elementor-element-78ff186 e-con-full e-flex e-con e-child\" data-id=\"78ff186\" data-element_type=\"container\" data-e-type=\"container\">\n\t\t\t\t<div class=\"elementor-element elementor-element-c2ca826 elementor-widget elementor-widget-ashtanga_core_single_image\" data-id=\"c2ca826\" data-element_type=\"widget\" data-e-type=\"widget\" data-widget_type=\"ashtanga_core_single_image.default\">\n\t\t\t\t<div class=\"elementor-widget-container\">\n\t\t\t\t\t<div class=\"qodef-shortcode qodef-m qodef-single-image qodef-layout--default\">\n\t\t\t<div class=\"qodef-m-image\" style=\"--image-border-radius: 47.3% 0 0 0\">\n\t\t\t\t\t\t\t\t<img fetchpriority=\"high\" decoding=\"async\" width=\"800\" height=\"916\" src=\"https:\/\/cialoksztalt.pl\/wp-content\/uploads\/2025\/12\/55665566.jpg\" class=\"attachment-full size-full\" alt=\"\" srcset=\"https:\/\/cialoksztalt.pl\/wp-content\/uploads\/2025\/12\/55665566.jpg 800w, https:\/\/cialoksztalt.pl\/wp-content\/uploads\/2025\/12\/55665566-262x300.jpg 262w, https:\/\/cialoksztalt.pl\/wp-content\/uploads\/2025\/12\/55665566-768x879.jpg 768w, https:\/\/cialoksztalt.pl\/wp-content\/uploads\/2025\/12\/55665566-600x687.jpg 600w\" sizes=\"(max-width: 800px) 100vw, 800px\" \/>\t\t\t\t\t\t\t<\/div>\n\t<\/div>\n\t\t\t\t<\/div>\n\t\t\t\t<\/div>\n\t\t\t\t<\/div>\n\t\t<div class=\"elementor-element elementor-element-6549cc3 e-con-full e-flex e-con e-child\" data-id=\"6549cc3\" data-element_type=\"container\" data-e-type=\"container\">\n\t\t\t\t<div class=\"elementor-element elementor-element-bdff325 elementor-widget__width-initial elementor-widget elementor-widget-text-editor\" data-id=\"bdff325\" data-element_type=\"widget\" data-e-type=\"widget\" data-widget_type=\"text-editor.default\">\n\t\t\t\t\t\t\t\t\t<p>Ruch i czucie s\u0105 dla mnie naturalnym j\u0119zykiem kontaktu z sob\u0105 i ze \u015bwiatem. Od lat towarzysz\u0105 mi w odkrywaniu emocji, napi\u0119\u0107 i zasob\u00f3w, kt\u00f3re zapisane s\u0105 w ciele. <strong>Praca z ruchem to<\/strong> dla mnie nie tylko aktywno\u015b\u0107 fizyczna, ale przede wszystkim <strong>droga do uwa\u017cno\u015bci, regulacji emocji i wewn\u0119trznej r\u00f3wnowagi.<\/strong><\/p><p><strong>Jestem trenerk\u0105 rozwojowej pracy przez cia\u0142o, ruch i taniec Instytutu Psychoterapii Ta\u0144cem i Ruchem<\/strong> (w trakcie certyfikacji), gdzie pog\u0142\u0119bi\u0142am rozumienie relacji pomi\u0119dzy ruchem, emocjami i psychik\u0105. To do\u015bwiadczenie ugruntowa\u0142o moje przekonanie, \u017ce cia\u0142o \u201ewie\u201d i \u017ce poprzez ruch mo\u017cemy bezpiecznie dotrze\u0107 do tego, co czasem trudno nazwa\u0107 s\u0142owami.<\/p><p>Kilka lat temu wa\u017cnym momentem w moim \u017cyciu by\u0142o zatrzymanie si\u0119. <strong>To joga i praktyka uwa\u017cno\u015bci nauczy\u0142y mnie s\u0142uchania sygna\u0142\u00f3w p\u0142yn\u0105cych z cia\u0142a<\/strong>, bycia tu i teraz oraz \u0142agodno\u015bci wobec siebie. Od tamtej pory uwa\u017cno\u015b\u0107 sta\u0142a si\u0119 dla mnie fundamentem codzienno\u015bci i pracy z innymi.<\/p><p>Dzi\u015b chc\u0119 dzieli\u0107 si\u0119 tym do\u015bwiadczeniem \u2014 tworz\u0105c przestrze\u0144, w kt\u00f3rej mo\u017cecie porusza\u0107 si\u0119 swobodnie, odkrywa\u0107 swoje emocje, wycisza\u0107 si\u0119 i wzmacnia\u0107 poczucie bezpiecze\u0144stwa. <strong>Wierz\u0119, \u017ce kontakt z cia\u0142em, uwa\u017cno\u015b\u0107 i chwile zatrzymania buduj\u0105 odporno\u015b\u0107 psychiczn\u0105, wspieraj\u0105 rozw\u00f3j emocjonalny i pomagaj\u0105 lepiej radzi\u0107 sobie z wyzwaniami codzienno\u015bci.<\/strong><\/p><p>Cia\u0142o jest naszym domem \u2014 a ruch mo\u017ce sta\u0107 si\u0119 drog\u0105 do lepszego poznania siebie.<\/p>\t\t\t\t\t\t\t\t<\/div>\n\t\t\t\t<\/div>\n\t\t\t\t<\/div>\n\t\t<div class=\"elementor-element elementor-element-c6a4567 e-flex e-con-boxed e-con e-parent\" data-id=\"c6a4567\" data-element_type=\"container\" data-e-type=\"container\">\n\t\t\t\t\t<div class=\"e-con-inner\">\n\t\t\t\t<div class=\"elementor-element elementor-element-f4a5c03 elementor-widget elementor-widget-image\" data-id=\"f4a5c03\" data-element_type=\"widget\" data-e-type=\"widget\" data-widget_type=\"image.default\">\n\t\t\t\t\t\t\t\t\t\t\t\t\t\t\t<img decoding=\"async\" src=\"https:\/\/cialoksztalt.pl\/wp-content\/uploads\/elementor\/thumbs\/separator-rh25eugfw2ttz1xegou2elccmnnbpf5slz3ty5gcho.jpg\" title=\"\" alt=\"\" loading=\"lazy\" \/>\t\t\t\t\t\t\t\t\t\t\t\t\t\t\t<\/div>\n\t\t\t\t<div class=\"elementor-element elementor-element-adb0a6c elementor-widget__width-inherit elementor-widget elementor-widget-text-editor\" data-id=\"adb0a6c\" data-element_type=\"widget\" data-e-type=\"widget\" data-widget_type=\"text-editor.default\">\n\t\t\t\t\t\t\t\t\t<p>Coraz wa\u017cniejszym obszarem mojej pracy jest tak\u017ce leczenie cia\u0142a poprzez \u015bwiadomy, uwa\u017cny dotyk. <strong>Dotyk rozumiem jako form\u0119 komunikacji z uk\u0142adem nerwowym<\/strong> \u2014 delikatn\u0105, reguluj\u0105c\u0105 i przywracaj\u0105c\u0105 poczucie bezpiecze\u0144stwa. To w\u0142a\u015bnie w bezpiecznym kontakcie cia\u0142o mo\u017ce pu\u015bci\u0107 napi\u0119cia, kt\u00f3re cz\u0119sto gromadz\u0105 si\u0119 latami, nios\u0105c w sobie \u015blady emocjonalnych do\u015bwiadcze\u0144.<\/p><p>Szczeg\u00f3lne miejsce zajmuje dla mnie <strong>masa\u017c twarzy, kt\u00f3ry ma niezwykle g\u0142\u0119boki wp\u0142yw na rozlu\u017anianie napi\u0119\u0107 nie tylko fizycznych, ale r\u00f3wnie\u017c emocjonalnych.<\/strong> Twarz jest obszarem, w kt\u00f3rym kumuluj\u0105 si\u0119 stres, kontrola, niewyra\u017cone emocje i przem\u0119czenie. Poprzez \u0142agodn\u0105 prac\u0119 z mi\u0119\u015bniami, powi\u0119zi\u0105 i oddechem mo\u017cliwe jest przywracanie swobody, lekko\u015bci oraz r\u00f3wnowagi ca\u0142ego organizmu.<\/p><p><strong>Wierz\u0119, \u017ce wiele problem\u00f3w psychosomatycznych ma swoje \u017ar\u00f3d\u0142o w chronicznym napi\u0119ciu i braku kontaktu z w\u0142asnym cia\u0142em.<\/strong> Uwa\u017cny dotyk i praca z twarz\u0105 mog\u0105 wspiera\u0107 procesy samoregulacji, redukowa\u0107 stres, poprawia\u0107 samopoczucie i pomaga\u0107 cia\u0142u wraca\u0107 do naturalnego stanu harmonii. To subtelna, a jednocze\u015bnie bardzo g\u0142\u0119boka droga wspierania zdrowia \u2014 poprzez obecno\u015b\u0107, uwa\u017cno\u015b\u0107 i szacunek dla m\u0105dro\u015bci cia\u0142a.<\/p>\t\t\t\t\t\t\t\t<\/div>\n\t\t\t\t\t<\/div>\n\t\t\t\t<\/div>\n\t\t<div class=\"elementor-element elementor-element-8d3e9ee e-flex e-con-boxed e-con e-parent\" data-id=\"8d3e9ee\" data-element_type=\"container\" data-e-type=\"container\">\n\t\t\t\t\t<div class=\"e-con-inner\">\n\t\t\t\t<div class=\"elementor-element elementor-element-34d416e elementor-shape-rounded elementor-grid-0 e-grid-align-center elementor-widget elementor-widget-social-icons\" data-id=\"34d416e\" data-element_type=\"widget\" data-e-type=\"widget\" data-widget_type=\"social-icons.default\">\n\t\t\t\t\t\t\t<div class=\"elementor-social-icons-wrapper elementor-grid\">\n\t\t\t\t\t\t\t<span class=\"elementor-grid-item\">\n\t\t\t\t\t<a class=\"elementor-icon elementor-social-icon elementor-social-icon-instagram elementor-repeater-item-270c148\" href=\"https:\/\/www.instagram.com\/cialo_ksztalt\/\" target=\"_blank\">\n\t\t\t\t\t\t<span class=\"elementor-screen-only\">Instagram<\/span>\n\t\t\t\t\t\t<svg aria-hidden=\"true\" class=\"e-font-icon-svg e-fab-instagram\" viewBox=\"0 0 448 512\" xmlns=\"http:\/\/www.w3.org\/2000\/svg\"><path d=\"M224.1 141c-63.6 0-114.9 51.3-114.9 114.9s51.3 114.9 114.9 114.9S339 319.5 339 255.9 287.7 141 224.1 141zm0 189.6c-41.1 0-74.7-33.5-74.7-74.7s33.5-74.7 74.7-74.7 74.7 33.5 74.7 74.7-33.6 74.7-74.7 74.7zm146.4-194.3c0 14.9-12 26.8-26.8 26.8-14.9 0-26.8-12-26.8-26.8s12-26.8 26.8-26.8 26.8 12 26.8 26.8zm76.1 27.2c-1.7-35.9-9.9-67.7-36.2-93.9-26.2-26.2-58-34.4-93.9-36.2-37-2.1-147.9-2.1-184.9 0-35.8 1.7-67.6 9.9-93.9 36.1s-34.4 58-36.2 93.9c-2.1 37-2.1 147.9 0 184.9 1.7 35.9 9.9 67.7 36.2 93.9s58 34.4 93.9 36.2c37 2.1 147.9 2.1 184.9 0 35.9-1.7 67.7-9.9 93.9-36.2 26.2-26.2 34.4-58 36.2-93.9 2.1-37 2.1-147.8 0-184.8zM398.8 388c-7.8 19.6-22.9 34.7-42.6 42.6-29.5 11.7-99.5 9-132.1 9s-102.7 2.6-132.1-9c-19.6-7.8-34.7-22.9-42.6-42.6-11.7-29.5-9-99.5-9-132.1s-2.6-102.7 9-132.1c7.8-19.6 22.9-34.7 42.6-42.6 29.5-11.7 99.5-9 132.1-9s102.7-2.6 132.1 9c19.6 7.8 34.7 22.9 42.6 42.6 11.7 29.5 9 99.5 9 132.1s2.7 102.7-9 132.1z\"><\/path><\/svg>\t\t\t\t\t<\/a>\n\t\t\t\t<\/span>\n\t\t\t\t\t<\/div>\n\t\t\t\t\t\t<\/div>\n\t\t\t\t\t<\/div>\n\t\t\t\t<\/div>\n\t\t\t\t<\/div>\n\t\t","protected":false},"excerpt":{"rendered":"<p>Jestem Kasia Ruch i czucie s\u0105 dla mnie naturalnym j\u0119zykiem kontaktu z sob\u0105 i ze \u015bwiatem. Od lat towarzysz\u0105 mi w odkrywaniu emocji, napi\u0119\u0107 i zasob\u00f3w, kt\u00f3re zapisane s\u0105 w ciele. Praca z ruchem to dla mnie nie tylko aktywno\u015b\u0107 fizyczna, ale przede wszystkim droga do uwa\u017cno\u015bci, regulacji emocji i wewn\u0119trznej r\u00f3wnowagi. Jestem trenerk\u0105 rozwojowej [&hellip;]<\/p>\n","protected":false},"author":1,"featured_media":0,"parent":0,"menu_order":0,"comment_status":"closed","ping_status":"closed","template":"","meta":{"footnotes":""},"class_list":["post-12290","page","type-page","status-publish","hentry"],"aioseo_notices":[],"_links":{"self":[{"href":"https:\/\/cialoksztalt.pl\/index.php\/wp-json\/wp\/v2\/pages\/12290","targetHints":{"allow":["GET"]}}],"collection":[{"href":"https:\/\/cialoksztalt.pl\/index.php\/wp-json\/wp\/v2\/pages"}],"about":[{"href":"https:\/\/cialoksztalt.pl\/index.php\/wp-json\/wp\/v2\/types\/page"}],"author":[{"embeddable":true,"href":"https:\/\/cialoksztalt.pl\/index.php\/wp-json\/wp\/v2\/users\/1"}],"replies":[{"embeddable":true,"href":"https:\/\/cialoksztalt.pl\/index.php\/wp-json\/wp\/v2\/comments?post=12290"}],"version-history":[{"count":88,"href":"https:\/\/cialoksztalt.pl\/index.php\/wp-json\/wp\/v2\/pages\/12290\/revisions"}],"predecessor-version":[{"id":12864,"href":"https:\/\/cialoksztalt.pl\/index.php\/wp-json\/wp\/v2\/pages\/12290\/revisions\/12864"}],"wp:attachment":[{"href":"https:\/\/cialoksztalt.pl\/index.php\/wp-json\/wp\/v2\/media?parent=12290"}],"curies":[{"name":"wp","href":"https:\/\/api.w.org\/{rel}","templated":true}]}}